{"id":2900,"date":"2016-06-21T10:06:46","date_gmt":"2016-06-21T09:06:46","guid":{"rendered":"http:\/\/www.sainthuitre.net\/blog\/?page_id=2900"},"modified":"2019-01-23T09:46:35","modified_gmt":"2019-01-23T08:46:35","slug":"2900-2","status":"publish","type":"page","link":"https:\/\/www.sainthuitre.net\/blog\/2900-2\/","title":{"rendered":"Les \u00e9tendues d\u00e9sertes"},"content":{"rendered":"<p><a href=\"http:\/\/editionsstellamaris.blogspot.fr\/2016\/06\/critique-des-etendues-desertes.html\"><img loading=\"lazy\" decoding=\"async\" class=\"alignleft\" src=\"https:\/\/i0.wp.com\/4.bp.blogspot.com\/-P6GbpehEZuw\/VrJgCZfJVJI\/AAAAAAAADFY\/LeiRdNu4y28SvU60ln5-tKCvISndJII3QCKgB\/s1600\/Couverture%2BLes%2Be%25CC%2581tendues%2Bde%25CC%2581sertes.jpg?resize=1600%2C1182&#038;ssl=1\" alt=\"Les \u00e9tendues d\u00e9sertes\" width=\"1600\" height=\"1182\"  data-recalc-dims=\"1\"><\/a><\/p>\n<p>Paru en 2016, Les \u00e9tendues d\u00e9sertes est disponible au format papier ou num\u00e9rique sur le site de l&rsquo;\u00e9diteur : <a href=\"http:\/\/editionsstellamaris.blogspot.fr\/2016\/06\/critique-des-etendues-desertes.html\" target=\"_blank\" rel=\"noopener\">Editions Stellamaris<\/a>.<\/p>\n<p>Vous pouvez \u00e9galement le commander sur <a href=\"http:\/\/livre.fnac.com\/a6813512\/Saint-Huitre-Variations-au-dessus-de-l-abime\" target=\"_blank\" rel=\"noopener\">Fnac.com<\/a> et dans la plupart des boutiques en ligne.<\/p>\n","protected":false},"excerpt":{"rendered":"<p>Paru en 2016, Les \u00e9tendues d\u00e9sertes est disponible au format papier ou num\u00e9rique sur le site de l&rsquo;\u00e9diteur : Editions Stellamaris. Vous pouvez \u00e9galement le commander sur Fnac.com et dans la plupart des boutiques en ligne.<\/p>\n","protected":false},"author":1,"featured_media":0,"parent":0,"menu_order":1,"comment_status":"closed","ping_status":"closed","template":"","meta":{"ngg_post_thumbnail":0,"_themeisle_gutenberg_block_has_review":false,"jetpack_post_was_ever_published":false,"footnotes":""},"jetpack_sharing_enabled":false,"jetpack_shortlink":"https:\/\/wp.me\/P7FZF0-KM","jetpack-related-posts":[],"_links":{"self":[{"href":"https:\/\/www.sainthuitre.net\/blog\/wp-json\/wp\/v2\/pages\/2900"}],"collection":[{"href":"https:\/\/www.sainthuitre.net\/blog\/wp-json\/wp\/v2\/pages"}],"about":[{"href":"https:\/\/www.sainthuitre.net\/blog\/wp-json\/wp\/v2\/types\/page"}],"author":[{"embeddable":true,"href":"https:\/\/www.sainthuitre.net\/blog\/wp-json\/wp\/v2\/users\/1"}],"replies":[{"embeddable":true,"href":"https:\/\/www.sainthuitre.net\/blog\/wp-json\/wp\/v2\/comments?post=2900"}],"version-history":[{"count":4,"href":"https:\/\/www.sainthuitre.net\/blog\/wp-json\/wp\/v2\/pages\/2900\/revisions"}],"predecessor-version":[{"id":3088,"href":"https:\/\/www.sainthuitre.net\/blog\/wp-json\/wp\/v2\/pages\/2900\/revisions\/3088"}],"wp:attachment":[{"href":"https:\/\/www.sainthuitre.net\/blog\/wp-json\/wp\/v2\/media?parent=2900"}],"curies":[{"name":"wp","href":"https:\/\/api.w.org\/{rel}","templated":true}]}}